{"id":657,"date":"2023-08-03T00:27:09","date_gmt":"2023-08-03T00:27:09","guid":{"rendered":"https:\/\/edufem.es\/?page_id=657"},"modified":"2025-07-03T09:56:37","modified_gmt":"2025-07-03T09:56:37","slug":"insercion-laboral","status":"publish","type":"page","link":"https:\/\/edufem.es\/es\/insercion-laboral","title":{"rendered":"Inserci\u00f3n laboral"},"content":{"rendered":"\t\t<div data-elementor-type=\"wp-page\" data-elementor-id=\"657\" class=\"elementor elementor-657 elementor-38\" data-elementor-post-type=\"page\">\n\t\t\t\t\t\t<section class=\"elementor-section elementor-top-section elementor-element elementor-element-03b2b6a elementor-section-height-min-height elementor-section-boxed elementor-section-height-default elementor-section-items-middle\" data-id=\"03b2b6a\" data-element_type=\"section\" data-e-type=\"section\" data-settings=\"{&quot;jet_parallax_layout_list&quot;:[],&quot;background_background&quot;:&quot;classic&quot;,&quot;shape_divider_bottom&quot;:&quot;mountains&quot;}\">\n\t\t\t\t\t<div class=\"elementor-shape elementor-shape-bottom\" aria-hidden=\"true\" data-negative=\"false\">\n\t\t\t<svg xmlns=\"http:\/\/www.w3.org\/2000\/svg\" viewBox=\"0 0 1000 100\" preserveAspectRatio=\"none\">\n\t<path class=\"elementor-shape-fill\" opacity=\"0.33\" d=\"M473,67.3c-203.9,88.3-263.1-34-320.3,0C66,119.1,0,59.7,0,59.7V0h1000v59.7 c0,0-62.1,26.1-94.9,29.3c-32.8,3.3-62.8-12.3-75.8-22.1C806,49.6,745.3,8.7,694.9,4.7S492.4,59,473,67.3z\"\/>\n\t<path class=\"elementor-shape-fill\" opacity=\"0.66\" d=\"M734,67.3c-45.5,0-77.2-23.2-129.1-39.1c-28.6-8.7-150.3-10.1-254,39.1 s-91.7-34.4-149.2,0C115.7,118.3,0,39.8,0,39.8V0h1000v36.5c0,0-28.2-18.5-92.1-18.5C810.2,18.1,775.7,67.3,734,67.3z\"\/>\n\t<path class=\"elementor-shape-fill\" d=\"M766.1,28.9c-200-57.5-266,65.5-395.1,19.5C242,1.8,242,5.4,184.8,20.6C128,35.8,132.3,44.9,89.9,52.5C28.6,63.7,0,0,0,0 h1000c0,0-9.9,40.9-83.6,48.1S829.6,47,766.1,28.9z\"\/>\n<\/svg>\t\t<\/div>\n\t\t\t\t\t<div class=\"elementor-container elementor-column-gap-default\">\n\t\t\t\t\t<div class=\"elementor-column elementor-col-100 elementor-top-column elementor-element elementor-element-fef8649 title elementor-invisible\" data-id=\"fef8649\" data-element_type=\"column\" data-e-type=\"column\" data-settings=\"{&quot;animation&quot;:&quot;fadeInDown&quot;}\">\n\t\t\t<div class=\"elementor-widget-wrap elementor-element-populated\">\n\t\t\t\t\t\t<div class=\"elementor-element elementor-element-828c815 elementor-widget__width-auto elementor-widget-mobile__width-inherit elementor-widget elementor-widget-heading\" data-id=\"828c815\" data-element_type=\"widget\" data-e-type=\"widget\" data-widget_type=\"heading.default\">\n\t\t\t\t<div class=\"elementor-widget-container\">\n\t\t\t\t\t<span class=\"elementor-heading-title elementor-size-default\"><a href=\"https:\/\/edufem.es\/es\">Actividades y servicios<\/a><\/span>\t\t\t\t<\/div>\n\t\t\t\t<\/div>\n\t\t\t\t<div class=\"elementor-element elementor-element-6e80527 elementor-widget__width-auto elementor-hidden-mobile elementor-widget elementor-widget-heading\" data-id=\"6e80527\" data-element_type=\"widget\" data-e-type=\"widget\" data-widget_type=\"heading.default\">\n\t\t\t\t<div class=\"elementor-widget-container\">\n\t\t\t\t\t<span class=\"elementor-heading-title elementor-size-default\"><a href=\"https:\/\/edufem.es\/es\">-<\/a><\/span>\t\t\t\t<\/div>\n\t\t\t\t<\/div>\n\t\t\t\t\t<\/div>\n\t\t<\/div>\n\t\t\t\t\t<\/div>\n\t\t<\/section>\n\t\t\t\t<section class=\"elementor-section elementor-top-section elementor-element elementor-element-6c2f2b6a elementor-section-boxed elementor-section-height-default elementor-section-height-default\" data-id=\"6c2f2b6a\" data-element_type=\"section\" data-e-type=\"section\" data-settings=\"{&quot;jet_parallax_layout_list&quot;:[]}\">\n\t\t\t\t\t\t<div class=\"elementor-container elementor-column-gap-default\">\n\t\t\t\t\t<div class=\"elementor-column elementor-col-50 elementor-top-column elementor-element elementor-element-4feadc09 elementor-invisible\" data-id=\"4feadc09\" data-element_type=\"column\" data-e-type=\"column\" data-settings=\"{&quot;animation&quot;:&quot;fadeInUp&quot;}\">\n\t\t\t<div class=\"elementor-widget-wrap elementor-element-populated\">\n\t\t\t\t\t\t<div class=\"elementor-element elementor-element-2104bc82 elementor-widget elementor-widget-heading\" data-id=\"2104bc82\" data-element_type=\"widget\" data-e-type=\"widget\" data-widget_type=\"heading.default\">\n\t\t\t\t<div class=\"elementor-widget-container\">\n\t\t\t\t\t<h2 class=\"elementor-heading-title elementor-size-default\">Servicio de empleabilidad de Reus y Tarragona<\/h2>\t\t\t\t<\/div>\n\t\t\t\t<\/div>\n\t\t\t\t<div class=\"elementor-element elementor-element-4773b9d5 elementor-widget elementor-widget-heading\" data-id=\"4773b9d5\" data-element_type=\"widget\" data-e-type=\"widget\" data-widget_type=\"heading.default\">\n\t\t\t\t<div class=\"elementor-widget-container\">\n\t\t\t\t\t<h3 class=\"elementor-heading-title elementor-size-default\">Acompa\u00f1amiento en la b\u00fasqueda de empleo<\/h3>\t\t\t\t<\/div>\n\t\t\t\t<\/div>\n\t\t\t\t<div class=\"elementor-element elementor-element-b32c79f elementor-widget elementor-widget-text-editor\" data-id=\"b32c79f\" data-element_type=\"widget\" data-e-type=\"widget\" data-widget_type=\"text-editor.default\">\n\t\t\t\t<div class=\"elementor-widget-container\">\n\t\t\t\t\t\t\t\t\t<p>EduFem colabora con el servicio de empleabilidad de Reus y Tarragona principalmente en la atenci\u00f3n a personas migrantes y j\u00f3venes que no estudian ni trabajan. Ofrecemos mentor\u00eda, asesoramiento en la b\u00fasqueda de empleo y acompa\u00f1amiento a los colectivos m\u00e1s vulnerables (tanto con recursos propios como con programas de financiaci\u00f3n nacionales e internacionales). Somos un centro acreditado para coordinar actividades internacionales de formaci\u00f3n y pr\u00e1cticas.<\/p>\t\t\t\t\t\t\t\t<\/div>\n\t\t\t\t<\/div>\n\t\t\t\t\t<\/div>\n\t\t<\/div>\n\t\t\t\t<div class=\"elementor-column elementor-col-50 elementor-top-column elementor-element elementor-element-3009045b elementor-invisible\" data-id=\"3009045b\" data-element_type=\"column\" data-e-type=\"column\" data-settings=\"{&quot;background_background&quot;:&quot;classic&quot;,&quot;animation&quot;:&quot;fadeInRight&quot;}\">\n\t\t\t<div class=\"elementor-widget-wrap elementor-element-populated\">\n\t\t\t\t\t\t<div class=\"elementor-element elementor-element-6de9fcb4 elementor-widget elementor-widget-spacer\" data-id=\"6de9fcb4\" data-element_type=\"widget\" data-e-type=\"widget\" data-widget_type=\"spacer.default\">\n\t\t\t\t<div class=\"elementor-widget-container\">\n\t\t\t\t\t\t\t<div class=\"elementor-spacer\">\n\t\t\t<div class=\"elementor-spacer-inner\"><\/div>\n\t\t<\/div>\n\t\t\t\t\t\t<\/div>\n\t\t\t\t<\/div>\n\t\t\t\t<div class=\"elementor-element elementor-element-861e14f elementor-widget__width-initial elementor-absolute elementor-widget elementor-widget-spacer\" data-id=\"861e14f\" data-element_type=\"widget\" data-e-type=\"widget\" data-settings=\"{&quot;_position&quot;:&quot;absolute&quot;}\" data-widget_type=\"spacer.default\">\n\t\t\t\t<div class=\"elementor-widget-container\">\n\t\t\t\t\t\t\t<div class=\"elementor-spacer\">\n\t\t\t<div class=\"elementor-spacer-inner\"><\/div>\n\t\t<\/div>\n\t\t\t\t\t\t<\/div>\n\t\t\t\t<\/div>\n\t\t\t\t<div class=\"elementor-element elementor-element-abbfede elementor-widget__width-initial elementor-absolute elementor-widget elementor-widget-spacer\" data-id=\"abbfede\" data-element_type=\"widget\" data-e-type=\"widget\" data-settings=\"{&quot;_position&quot;:&quot;absolute&quot;}\" data-widget_type=\"spacer.default\">\n\t\t\t\t<div class=\"elementor-widget-container\">\n\t\t\t\t\t\t\t<div class=\"elementor-spacer\">\n\t\t\t<div class=\"elementor-spacer-inner\"><\/div>\n\t\t<\/div>\n\t\t\t\t\t\t<\/div>\n\t\t\t\t<\/div>\n\t\t\t\t\t<\/div>\n\t\t<\/div>\n\t\t\t\t\t<\/div>\n\t\t<\/section>\n\t\t<div class=\"elementor-element elementor-element-7dcf782 e-flex e-con-boxed e-con e-parent\" data-id=\"7dcf782\" data-element_type=\"container\" data-e-type=\"container\" data-settings=\"{&quot;background_background&quot;:&quot;classic&quot;,&quot;shape_divider_top&quot;:&quot;mountains&quot;,&quot;shape_divider_bottom&quot;:&quot;mountains&quot;,&quot;jet_parallax_layout_list&quot;:[]}\">\n\t\t\t\t\t<div class=\"e-con-inner\">\n\t\t\t\t<div class=\"elementor-shape elementor-shape-top\" aria-hidden=\"true\" data-negative=\"false\">\n\t\t\t<svg xmlns=\"http:\/\/www.w3.org\/2000\/svg\" viewBox=\"0 0 1000 100\" preserveAspectRatio=\"none\">\n\t<path class=\"elementor-shape-fill\" opacity=\"0.33\" d=\"M473,67.3c-203.9,88.3-263.1-34-320.3,0C66,119.1,0,59.7,0,59.7V0h1000v59.7 c0,0-62.1,26.1-94.9,29.3c-32.8,3.3-62.8-12.3-75.8-22.1C806,49.6,745.3,8.7,694.9,4.7S492.4,59,473,67.3z\"\/>\n\t<path class=\"elementor-shape-fill\" opacity=\"0.66\" d=\"M734,67.3c-45.5,0-77.2-23.2-129.1-39.1c-28.6-8.7-150.3-10.1-254,39.1 s-91.7-34.4-149.2,0C115.7,118.3,0,39.8,0,39.8V0h1000v36.5c0,0-28.2-18.5-92.1-18.5C810.2,18.1,775.7,67.3,734,67.3z\"\/>\n\t<path class=\"elementor-shape-fill\" d=\"M766.1,28.9c-200-57.5-266,65.5-395.1,19.5C242,1.8,242,5.4,184.8,20.6C128,35.8,132.3,44.9,89.9,52.5C28.6,63.7,0,0,0,0 h1000c0,0-9.9,40.9-83.6,48.1S829.6,47,766.1,28.9z\"\/>\n<\/svg>\t\t<\/div>\n\t\t\t\t<div class=\"elementor-shape elementor-shape-bottom\" aria-hidden=\"true\" data-negative=\"false\">\n\t\t\t<svg xmlns=\"http:\/\/www.w3.org\/2000\/svg\" viewBox=\"0 0 1000 100\" preserveAspectRatio=\"none\">\n\t<path class=\"elementor-shape-fill\" opacity=\"0.33\" d=\"M473,67.3c-203.9,88.3-263.1-34-320.3,0C66,119.1,0,59.7,0,59.7V0h1000v59.7 c0,0-62.1,26.1-94.9,29.3c-32.8,3.3-62.8-12.3-75.8-22.1C806,49.6,745.3,8.7,694.9,4.7S492.4,59,473,67.3z\"\/>\n\t<path class=\"elementor-shape-fill\" opacity=\"0.66\" d=\"M734,67.3c-45.5,0-77.2-23.2-129.1-39.1c-28.6-8.7-150.3-10.1-254,39.1 s-91.7-34.4-149.2,0C115.7,118.3,0,39.8,0,39.8V0h1000v36.5c0,0-28.2-18.5-92.1-18.5C810.2,18.1,775.7,67.3,734,67.3z\"\/>\n\t<path class=\"elementor-shape-fill\" d=\"M766.1,28.9c-200-57.5-266,65.5-395.1,19.5C242,1.8,242,5.4,184.8,20.6C128,35.8,132.3,44.9,89.9,52.5C28.6,63.7,0,0,0,0 h1000c0,0-9.9,40.9-83.6,48.1S829.6,47,766.1,28.9z\"\/>\n<\/svg>\t\t<\/div>\n\t\t<div class=\"elementor-element elementor-element-c35fb7f e-con-full e-flex e-con e-child\" data-id=\"c35fb7f\" data-element_type=\"container\" data-e-type=\"container\" data-settings=\"{&quot;background_background&quot;:&quot;classic&quot;,&quot;jet_parallax_layout_list&quot;:[]}\">\n\t\t\t\t<div class=\"elementor-element elementor-element-ebed26a elementor-invisible elementor-widget elementor-widget-heading\" data-id=\"ebed26a\" data-element_type=\"widget\" data-e-type=\"widget\" data-settings=\"{&quot;_animation&quot;:&quot;fadeIn&quot;}\" data-widget_type=\"heading.default\">\n\t\t\t\t<div class=\"elementor-widget-container\">\n\t\t\t\t\t<h3 class=\"elementor-heading-title elementor-size-default\">Proyecto de emprendimiento para mujeres<\/h3>\t\t\t\t<\/div>\n\t\t\t\t<\/div>\n\t\t\t\t<div class=\"elementor-element elementor-element-8db38b4 elementor-invisible elementor-widget elementor-widget-text-editor\" data-id=\"8db38b4\" data-element_type=\"widget\" data-e-type=\"widget\" data-settings=\"{&quot;_animation&quot;:&quot;fadeIn&quot;}\" data-widget_type=\"text-editor.default\">\n\t\t\t\t<div class=\"elementor-widget-container\">\n\t\t\t\t\t\t\t\t\t<p><span dir=\"ltr\" role=\"presentation\"><b>FEMTEC<\/b> &#8211; Emprendimiento digital para mujeres j\u00f3venes del Camp de Tarragona.<\/span><\/p><p><span dir=\"ltr\" role=\"presentation\">Con las subvenciones Next Generation EU, EduFem est\u00e1 implementando el proyecto <\/span><span dir=\"ltr\" role=\"presentation\">\u201cFemTech\u201d, con las subvenciones del DEPARTAMENTO DE EMPRESA Y <\/span><span dir=\"ltr\" role=\"presentation\">TRABAJO \u201dNext Generation EU &#8211; Ayudas para requerir la brecha de g\u00e9nero en el <\/span><span dir=\"ltr\" role=\"presentation\">\u00e1mbito de las TIC\u201d.<\/span><\/p><p><span dir=\"ltr\" role=\"presentation\"><strong>Duraci\u00f3n:<\/strong> 1 a\u00f1o (septiembre 2024-septiembre 2025).<\/span><\/p><p><span dir=\"ltr\" role=\"presentation\"><strong>Participantes:<\/strong> Mujeres j\u00f3venes de 16 a 35 a\u00f1os de Catalu\u00f1a, especialmente de las <\/span><span dir=\"ltr\" role=\"presentation\">comarcas del Camp de Tarragona. Entre 15 y 20 participantes.<\/span><\/p>\t\t\t\t\t\t\t\t<\/div>\n\t\t\t\t<\/div>\n\t\t\t\t<div class=\"elementor-element elementor-element-016aecc elementor-invisible elementor-widget elementor-widget-heading\" data-id=\"016aecc\" data-element_type=\"widget\" data-e-type=\"widget\" data-settings=\"{&quot;_animation&quot;:&quot;fadeIn&quot;}\" data-widget_type=\"heading.default\">\n\t\t\t\t<div class=\"elementor-widget-container\">\n\t\t\t\t\t<h2 class=\"elementor-heading-title elementor-size-default\">Objetivo general:<\/h2>\t\t\t\t<\/div>\n\t\t\t\t<\/div>\n\t\t\t\t<div class=\"elementor-element elementor-element-8b143a0 elementor-invisible elementor-widget elementor-widget-text-editor\" data-id=\"8b143a0\" data-element_type=\"widget\" data-e-type=\"widget\" data-settings=\"{&quot;_animation&quot;:&quot;fadeIn&quot;}\" data-widget_type=\"text-editor.default\">\n\t\t\t\t<div class=\"elementor-widget-container\">\n\t\t\t\t\t\t\t\t\t<p><span dir=\"ltr\" role=\"presentation\">Mejorar las oportunidades de autoempleo de las mujeres j\u00f3venes a <\/span><span dir=\"ltr\" role=\"presentation\">trav\u00e9s de la creaci\u00f3n de StartUps digitales y sostenibles.<\/span><\/p>\t\t\t\t\t\t\t\t<\/div>\n\t\t\t\t<\/div>\n\t\t\t\t<div class=\"elementor-element elementor-element-a9ba0a4 elementor-invisible elementor-widget elementor-widget-heading\" data-id=\"a9ba0a4\" data-element_type=\"widget\" data-e-type=\"widget\" data-settings=\"{&quot;_animation&quot;:&quot;fadeIn&quot;}\" data-widget_type=\"heading.default\">\n\t\t\t\t<div class=\"elementor-widget-container\">\n\t\t\t\t\t<h2 class=\"elementor-heading-title elementor-size-default\">Objetivos espec\u00edficos:<\/h2>\t\t\t\t<\/div>\n\t\t\t\t<\/div>\n\t\t\t\t<div class=\"elementor-element elementor-element-8fa56f5 elementor-invisible elementor-widget elementor-widget-text-editor\" data-id=\"8fa56f5\" data-element_type=\"widget\" data-e-type=\"widget\" data-settings=\"{&quot;_animation&quot;:&quot;fadeIn&quot;}\" data-widget_type=\"text-editor.default\">\n\t\t\t\t<div class=\"elementor-widget-container\">\n\t\t\t\t\t\t\t\t\t<p><span dir=\"ltr\" role=\"presentation\"><strong>1.<\/strong> Mejorar la empleabilidad de las mujeres j\u00f3venes de las comarcas del Camp de <\/span><span dir=\"ltr\" role=\"presentation\">Tarragona a trav\u00e9s de la formaci\u00f3n en competencias digitales y TIC.<\/span><\/p><p><span dir=\"ltr\" role=\"presentation\"><strong>2.<\/strong> Potenciar el talento femenino en el sector tecnol\u00f3gico, reduciendo la brecha de <\/span><span dir=\"ltr\" role=\"presentation\">g\u00e9nero y potenciando su presencia en las industrias digitales.<\/span><\/p><p><span dir=\"ltr\" role=\"presentation\"><strong>3.<\/strong> Facilitar la inserci\u00f3n laboral a trav\u00e9s de itinerarios formativos adaptados a las <\/span><span dir=\"ltr\" role=\"presentation\">necesidades del mercado y la conexi\u00f3n con empresas del sector.<\/span><\/p><p><span dir=\"ltr\" role=\"presentation\"><strong>4.<\/strong> Promover la creaci\u00f3n de una startup digital y sostenible, liderada por mujeres y <\/span><span dir=\"ltr\" role=\"presentation\">basada en modelos econ\u00f3micos sostenibles.<\/span><\/p><p><span dir=\"ltr\" role=\"presentation\"><strong>5.<\/strong> Crear una red de apoyo y mentoring para acompa\u00f1ar a las participantes en su <\/span><span dir=\"ltr\" role=\"presentation\">crecimiento profesional y empresarial.<\/span><\/p>\t\t\t\t\t\t\t\t<\/div>\n\t\t\t\t<\/div>\n\t\t\t\t<div class=\"elementor-element elementor-element-08a3005 elementor-widget elementor-widget-heading\" data-id=\"08a3005\" data-element_type=\"widget\" data-e-type=\"widget\" data-widget_type=\"heading.default\">\n\t\t\t\t<div class=\"elementor-widget-container\">\n\t\t\t\t\t<h2 class=\"elementor-heading-title elementor-size-default\">Fases del proyecto<\/h2>\t\t\t\t<\/div>\n\t\t\t\t<\/div>\n\t\t\t\t<div class=\"elementor-element elementor-element-0a00d51 elementor-invisible elementor-widget elementor-widget-text-editor\" data-id=\"0a00d51\" data-element_type=\"widget\" data-e-type=\"widget\" data-settings=\"{&quot;_animation&quot;:&quot;fadeIn&quot;}\" data-widget_type=\"text-editor.default\">\n\t\t\t\t<div class=\"elementor-widget-container\">\n\t\t\t\t\t\t\t\t\t<p><span dir=\"ltr\" role=\"presentation\"><strong>FASE 1:<\/strong> Formaci\u00f3n especializada en emprendimiento digital.<\/span><\/p><p><span dir=\"ltr\" role=\"presentation\"><strong>FASE 2:<\/strong> Apoyo y mentoring.<\/span><\/p><p><span dir=\"ltr\" role=\"presentation\"><strong>FASE 3:<\/strong> HUB internacional y networking.<\/span><\/p><p><span dir=\"ltr\" role=\"presentation\"><strong>FASE 4:<\/strong> Competici\u00f3n de StartUp sostenibles.<\/span><\/p>\t\t\t\t\t\t\t\t<\/div>\n\t\t\t\t<\/div>\n\t\t\t\t<div class=\"elementor-element elementor-element-229c844 elementor-widget-divider--view-line elementor-widget elementor-widget-divider\" data-id=\"229c844\" data-element_type=\"widget\" data-e-type=\"widget\" data-widget_type=\"divider.default\">\n\t\t\t\t<div class=\"elementor-widget-container\">\n\t\t\t\t\t\t\t<div class=\"elementor-divider\">\n\t\t\t<span class=\"elementor-divider-separator\">\n\t\t\t\t\t\t<\/span>\n\t\t<\/div>\n\t\t\t\t\t\t<\/div>\n\t\t\t\t<\/div>\n\t\t<div class=\"elementor-element elementor-element-98213b6 e-con-full e-flex elementor-invisible e-con e-child\" data-id=\"98213b6\" data-element_type=\"container\" data-e-type=\"container\" data-settings=\"{&quot;jet_parallax_layout_list&quot;:[],&quot;animation&quot;:&quot;fadeIn&quot;}\">\n\t\t\t\t<div class=\"elementor-element elementor-element-0b05fd6 elementor-widget elementor-widget-image\" data-id=\"0b05fd6\" data-element_type=\"widget\" data-e-type=\"widget\" data-widget_type=\"image.default\">\n\t\t\t\t<div class=\"elementor-widget-container\">\n\t\t\t\t\t\t\t\t\t\t\t\t\t\t\t<img decoding=\"async\" width=\"493\" height=\"84\" src=\"https:\/\/edufem.es\/wp-content\/uploads\/2025\/07\/Gencat2.png\" class=\"attachment-large size-large wp-image-4487\" alt=\"\" srcset=\"https:\/\/edufem.es\/wp-content\/uploads\/2025\/07\/Gencat2.png 493w, https:\/\/edufem.es\/wp-content\/uploads\/2025\/07\/Gencat2-300x51.png 300w\" sizes=\"(max-width: 493px) 100vw, 493px\" \/>\t\t\t\t\t\t\t\t\t\t\t\t\t\t\t<\/div>\n\t\t\t\t<\/div>\n\t\t\t\t<div class=\"elementor-element elementor-element-7e5bb5d elementor-widget elementor-widget-image\" data-id=\"7e5bb5d\" data-element_type=\"widget\" data-e-type=\"widget\" data-widget_type=\"image.default\">\n\t\t\t\t<div class=\"elementor-widget-container\">\n\t\t\t\t\t\t\t\t\t\t\t\t\t\t\t<img fetchpriority=\"high\" decoding=\"async\" width=\"800\" height=\"258\" src=\"https:\/\/edufem.es\/wp-content\/uploads\/2025\/07\/Gencat-1024x330.png\" class=\"attachment-large size-large wp-image-4484\" alt=\"\" srcset=\"https:\/\/edufem.es\/wp-content\/uploads\/2025\/07\/Gencat-1024x330.png 1024w, https:\/\/edufem.es\/wp-content\/uploads\/2025\/07\/Gencat-300x97.png 300w, https:\/\/edufem.es\/wp-content\/uploads\/2025\/07\/Gencat-768x247.png 768w, https:\/\/edufem.es\/wp-content\/uploads\/2025\/07\/Gencat-1536x495.png 1536w, https:\/\/edufem.es\/wp-content\/uploads\/2025\/07\/Gencat.png 1587w\" sizes=\"(max-width: 800px) 100vw, 800px\" \/>\t\t\t\t\t\t\t\t\t\t\t\t\t\t\t<\/div>\n\t\t\t\t<\/div>\n\t\t\t\t<div class=\"elementor-element elementor-element-b12aa38 elementor-widget__width-initial elementor-widget-tablet__width-initial elementor-widget elementor-widget-image\" data-id=\"b12aa38\" data-element_type=\"widget\" data-e-type=\"widget\" data-widget_type=\"image.default\">\n\t\t\t\t<div class=\"elementor-widget-container\">\n\t\t\t\t\t\t\t\t\t\t\t\t\t\t\t<img decoding=\"async\" width=\"247\" height=\"187\" src=\"https:\/\/edufem.es\/wp-content\/uploads\/2025\/07\/nextg2-1.png\" class=\"attachment-full size-full wp-image-4517\" alt=\"\" \/>\t\t\t\t\t\t\t\t\t\t\t\t\t\t\t<\/div>\n\t\t\t\t<\/div>\n\t\t\t\t<\/div>\n\t\t\t\t<\/div>\n\t\t\t\t\t<\/div>\n\t\t\t\t<\/div>\n\t\t\t\t<\/div>\n\t\t","protected":false},"excerpt":{"rendered":"<p>Actividades y servicios &#8211; Servicio de empleabilidad de Reus y Tarragona Acompa\u00f1amiento en la b\u00fasqueda de empleo EduFem colabora con el servicio de empleabilidad de Reus y Tarragona principalmente en la atenci\u00f3n a personas migrantes y j\u00f3venes que no estudian ni trabajan. Ofrecemos mentor\u00eda, asesoramiento en la b\u00fasqueda de empleo y acompa\u00f1amiento a los colectivos [&hellip;]<\/p>\n","protected":false},"author":1,"featured_media":0,"parent":0,"menu_order":0,"comment_status":"closed","ping_status":"closed","template":"elementor_header_footer","meta":{"footnotes":""},"class_list":["post-657","page","type-page","status-publish","hentry"],"_links":{"self":[{"href":"https:\/\/edufem.es\/es\/wp-json\/wp\/v2\/pages\/657","targetHints":{"allow":["GET"]}}],"collection":[{"href":"https:\/\/edufem.es\/es\/wp-json\/wp\/v2\/pages"}],"about":[{"href":"https:\/\/edufem.es\/es\/wp-json\/wp\/v2\/types\/page"}],"author":[{"embeddable":true,"href":"https:\/\/edufem.es\/es\/wp-json\/wp\/v2\/users\/1"}],"replies":[{"embeddable":true,"href":"https:\/\/edufem.es\/es\/wp-json\/wp\/v2\/comments?post=657"}],"version-history":[{"count":25,"href":"https:\/\/edufem.es\/es\/wp-json\/wp\/v2\/pages\/657\/revisions"}],"predecessor-version":[{"id":4565,"href":"https:\/\/edufem.es\/es\/wp-json\/wp\/v2\/pages\/657\/revisions\/4565"}],"wp:attachment":[{"href":"https:\/\/edufem.es\/es\/wp-json\/wp\/v2\/media?parent=657"}],"curies":[{"name":"wp","href":"https:\/\/api.w.org\/{rel}","templated":true}]}}